{"id":103,"date":"2021-09-29T13:11:43","date_gmt":"2021-09-29T11:11:43","guid":{"rendered":"http:\/\/dinn.pl\/?page_id=103"},"modified":"2025-09-09T10:16:59","modified_gmt":"2025-09-09T08:16:59","slug":"oferta","status":"publish","type":"page","link":"http:\/\/dinn.pl\/?page_id=103","title":{"rendered":"Oferta"},"content":{"rendered":"\t\t<div data-elementor-type=\"wp-page\" data-elementor-id=\"103\" class=\"elementor elementor-103\">\n\t\t\t\t\t\t<section class=\"elementor-section elementor-top-section elementor-element elementor-element-745fda5 elementor-section-boxed elementor-section-height-default elementor-section-height-default\" data-id=\"745fda5\" data-element_type=\"section\">\n\t\t\t\t\t\t<div class=\"elementor-container elementor-column-gap-default\">\n\t\t\t\t\t<div class=\"elementor-column elementor-col-100 elementor-top-column elementor-element elementor-element-5ab092a\" data-id=\"5ab092a\" data-element_type=\"column\">\n\t\t\t<div class=\"elementor-widget-wrap elementor-element-populated\">\n\t\t\t\t\t\t<div class=\"elementor-element elementor-element-9317e32 elementor-widget elementor-widget-text-editor\" data-id=\"9317e32\" data-element_type=\"widget\" data-widget_type=\"text-editor.default\">\n\t\t\t\t<div class=\"elementor-widget-container\">\n\t\t\t\t\t\t\t\t\t<div class=\"post-body\"><p>Nasza oferta skierowana jest zar\u00f3wno do klient\u00f3w indywidualnych, jak i zainteresowanych nasz\u0105 sprzeda\u017c\u0105 hurtow\u0105. Staramy si\u0119 dopasowywa\u0107 do nawet najwi\u0119kszych wymaga\u0144 wszystkich os\u00f3b zainteresowanych naszymi produktami, dlatego oferujemy nie tylko akumulatory samochodowe czy motocyklowe, lecz r\u00f3wnie\u017c \u017celowe i pojemno\u015bciowe, dzi\u0119ki czemu w\u015br\u00f3d nich ka\u017cdy znajdzie idealny element swojego pojazdu.<\/p><p>Oferujemy akumulatory bardziej i mniej znanych producent\u00f3w, w tym przede wszystkim BOSCH, CENTRA, DEKA oraz DINN, jednak nasza oferta nie ogranicza si\u0119 wy\u0142\u0105cznie dla nich. Mog\u0105 Pa\u0144stwo tak\u017ce zapozna\u0107 si\u0119 z akumulatorami takich producent\u00f3w, jak na przyk\u0142ad VARTA, WESTA oraz FIAMM.<\/p><p>M\u00f3wi\u0105c w skr\u00f3cie, staramy si\u0119 wywo\u0142a\u0107 zadowolenie na twarzy wszystkich naszych potencjalnych i sta\u0142ych klient\u00f3w, posiadaj\u0105cych prywatne \u015brodki transportu oraz specjalizuj\u0105ce si\u0119 w zawodach zwi\u0105zanych z powszechnym wykorzystywaniem pojazd\u00f3w.<\/p><p>Ch\u0119tnie nawi\u0105\u017cemy wsp\u00f3\u0142prac\u0119 z wszelkiego rodzaju sklepami i warsztatami motoryzacyjnymi oraz firmami transportowymi dla kt\u00f3rych ju\u017c teraz przygotowali\u015bmy atrakcyjne zni\u017cki i ciekawe oferty.<\/p><\/div>\t\t\t\t\t\t\t\t<\/div>\n\t\t\t\t<\/div>\n\t\t\t\t\t<\/div>\n\t\t<\/div>\n\t\t\t\t\t<\/div>\n\t\t<\/section>\n\t\t\t\t<\/div>\n\t\t","protected":false},"excerpt":{"rendered":"<p>Nasza oferta skierowana jest zar\u00f3wno do klient\u00f3w indywidualnych, jak i zainteresowanych nasz\u0105 sprzeda\u017c\u0105 hurtow\u0105. Staramy si\u0119 dopasowywa\u0107 do nawet najwi\u0119kszych wymaga\u0144 wszystkich os\u00f3b zainteresowanych naszymi produktami, dlatego oferujemy nie tylko akumulatory samochodowe czy motocyklowe, lecz r\u00f3wnie\u017c \u017celowe i pojemno\u015bciowe, dzi\u0119ki [&hellip;]<\/p>\n","protected":false},"author":1,"featured_media":0,"parent":16,"menu_order":0,"comment_status":"closed","ping_status":"closed","template":"elementor_theme","meta":{"footnotes":""},"class_list":["post-103","page","type-page","status-publish","hentry","clearfix"],"_links":{"self":[{"href":"http:\/\/dinn.pl\/index.php?rest_route=\/wp\/v2\/pages\/103","targetHints":{"allow":["GET"]}}],"collection":[{"href":"http:\/\/dinn.pl\/index.php?rest_route=\/wp\/v2\/pages"}],"about":[{"href":"http:\/\/dinn.pl\/index.php?rest_route=\/wp\/v2\/types\/page"}],"author":[{"embeddable":true,"href":"http:\/\/dinn.pl\/index.php?rest_route=\/wp\/v2\/users\/1"}],"replies":[{"embeddable":true,"href":"http:\/\/dinn.pl\/index.php?rest_route=%2Fwp%2Fv2%2Fcomments&post=103"}],"version-history":[{"count":5,"href":"http:\/\/dinn.pl\/index.php?rest_route=\/wp\/v2\/pages\/103\/revisions"}],"predecessor-version":[{"id":108,"href":"http:\/\/dinn.pl\/index.php?rest_route=\/wp\/v2\/pages\/103\/revisions\/108"}],"up":[{"embeddable":true,"href":"http:\/\/dinn.pl\/index.php?rest_route=\/wp\/v2\/pages\/16"}],"wp:attachment":[{"href":"http:\/\/dinn.pl\/index.php?rest_route=%2Fwp%2Fv2%2Fmedia&parent=103"}],"curies":[{"name":"wp","href":"https:\/\/api.w.org\/{rel}","templated":true}]}}