{"id":112,"date":"2021-09-29T13:23:09","date_gmt":"2021-09-29T11:23:09","guid":{"rendered":"http:\/\/dinn.pl\/?page_id=112"},"modified":"2021-12-15T22:43:41","modified_gmt":"2021-12-15T21:43:41","slug":"abc-klienta","status":"publish","type":"page","link":"http:\/\/dinn.pl\/?page_id=112","title":{"rendered":"ABC Klienta"},"content":{"rendered":"\n<h2 class=\"wp-block-heading\">ABC Klienta akumulatory Szczecin <\/h2>\n\n\n\n<p>Na tej podstronie prezentujemy pa\u0144stwu ABC eksploatacji dla klienta w dziedzinie &#8211; akumulatory. <\/p>\n\n\n\n<h3 class=\"wp-block-heading\" id=\"abc-klienta\"><strong>A) ABC<\/strong> <strong>MONTA\u017bU AKUMULATORA<\/strong><\/h3>\n\n\n\n<p>Wymiany akumulatora dokonujemy przy niepracuj\u0105cym silniku zgodnie z poni\u017cszymi punktami:<\/p>\n\n\n\n<ol class=\"wp-block-list\"><li>Od\u0142\u0105czy\u0107 stary akumulator, jako pierwszy biegun ujemny, a nast\u0119pnie dodatni. P\u00f3\u017aniej sprawdzi\u0107, czy zaciski biegunowe ( tzw. klemy ) s\u0105 czyste.<\/li><li>Odkr\u0119ci\u0107 uchwyt i wyj\u0105\u0107 akumulator.<\/li><li>Nowy akumulator nale\u017cy umie\u015bci\u0107 w samochodzie w spos\u00f3b okre\u015blony przez producenta. <\/li><li>Nast\u0119pnie pod\u0142\u0105czy\u0107 ko\u0144c\u00f3wk\u0119 biegunow\u0105 dodatni\u0105 akumulatora z zaciskiem dodatnim instalacji elektrycznej pojazdu, a ko\u0144c\u00f3wk\u0119 biegunow\u0105 ujemn\u0105 z zaciskiem ujemnym instalacji w spos\u00f3b gwarantuj\u0105cy ich metaliczny styk na ca\u0142ej powierzchni. <\/li><li>Utworzone po\u0142\u0105czenie nale\u017cy zakonserwowa\u0107, smaruj\u0105c je wazelin\u0105 techniczn\u0105.<\/li><\/ol>\n\n\n\n<blockquote class=\"wp-block-quote is-layout-flow wp-block-quote-is-layout-flow\"><p><em>W przypadku trudno\u015bci z uruchomieniem silnika \u2013 lekko pod\u0142adowa\u0107 zgodnie z procedur\u0105 \u0142adowania akumulatora.<\/em><\/p><\/blockquote>\n\n\n\n<h3 class=\"wp-block-heading\"><strong>B) ABC ZASAD EKSPLOATACJI AKUMULATOR\u00d3W<\/strong><\/h3>\n\n\n\n<p>Regularnie sprawdza\u0107 poziom elektrolitu ( nie rzadziej ni\u017c co 12 tygodni ).<\/p>\n\n\n\n<ol class=\"wp-block-list\"><li>W razie potrzeby dola\u0107 wody destylowanej lub demineralizowanej. <em><strong>Nigdy nie dolewa\u0107 kwasu.<\/strong><\/em><\/li><li>Po uzupe\u0142nieniu elektrolitu nale\u017cy odpowiednie ogniwo szczelnie zatka\u0107 korkiem<\/li><li>Sprawdzi\u0107 napi\u0119cie \u0142adowania akumulatora w poje\u017adzie (mierzone na ko\u0144c\u00f3wkach biegunowych Akumulatora) tak, aby spe\u0142nia\u0142o warunki:<\/li><\/ol>\n\n\n\n<ul class=\"wp-block-list\"><li>dla instalacji 12V: 14V \u2013 14,4V<\/li><li>dla instalacji 6V: &nbsp;&nbsp; 7V \u2013 7,2V<\/li><\/ul>\n\n\n\n<ol class=\"wp-block-list\"><li>Nie nale\u017cy dopuszcza\u0107 do zwar\u0107 zewn\u0119trznych akumulatora.<\/li><li>Nale\u017cy kontrolowa\u0107 prawid\u0142owo\u015b\u0107 zamocowania akumulatora w poje\u017adzie.<\/li><li>W przypadku jazdy miejskiej, cz\u0119stego u\u017cywania \u015bwiate\u0142 zewn\u0119trznych lub zamontowania w poje\u017adzie dodatkowych odbiornik\u00f3w pr\u0105du, nale\u017cy cz\u0119\u015bciej kontrolowa\u0107 stan na\u0142adowania i w miar\u0119 potrzeby do\u0142adowa\u0107 akumulator z zewn\u0119trznego \u017ar\u00f3d\u0142a pr\u0105du.<\/li><li>W przypadku d\u0142u\u017cszego okresu nie u\u017cywania pojazdu od\u0142\u0105czy\u0107 akumulator.<\/li><li>Akumulator wymaga do\u0142adowania, je\u015bli napi\u0119cie spoczynkowe spadnie poni\u017cej 12,5 V (g\u0119sto\u015b\u0107 elektrolitu 1,24 kg\/l).<\/li><li>Akumulator wy\u0142adowany nale\u017cy natychmiast na\u0142adowa\u0107, by nie dopu\u015bci\u0107 do jego zasiarczanienia lub zamarzni\u0119cia elektrolitu przy eksploatacji w okresie zimowym.<\/li><li>Nie wolno stosowa\u0107 \u017cadnych dodatk\u00f3w do elektrolitu.<\/li><li>Nale\u017cy sprawdza\u0107 dro\u017cno\u015b\u0107 otwor\u00f3w wentylacyjnych.<\/li><li>Akumulator nale\u017cy utrzymywa\u0107 w czysto\u015bci.<\/li><li>Zwr\u00f3ci\u0107 si\u0119 do sprzedawcy o porad\u0119 w przypadku w\u0105tpliwo\u015bci dotycz\u0105cych eksploatacji akumulatora.<\/li><\/ol>\n\n\n\n<blockquote class=\"wp-block-quote is-layout-flow wp-block-quote-is-layout-flow\"><p>Do samochod\u00f3w marki Ford konieczne jest stosowanie akumulatora z fabrycznie przygotowanymi ko\u0144c\u00f3wkami.<br><br><\/p><\/blockquote>\n\n\n\n<h3 class=\"wp-block-heading\"><strong>C) JAK \u0141ADOWA\u0106 POPRAWNIE AKUMULATORY<\/strong><\/h3>\n\n\n\n<ol class=\"wp-block-list\"><li>Wymontowanie akumulatora z pojazdu:<\/li><li>Podczas wymontowania nale\u017cy zachowa\u0107 ostro\u017cno\u015b\u0107, aby metalowym narz\u0119dziem nie spowodowa\u0107 zwarcia.<\/li><li>Zawsze jako pierwszy nale\u017cy od\u0142\u0105czy\u0107 przew\u00f3d \u0142\u0105cz\u0105cy akumulator z \u201emas\u0105\u201d (w wi\u0119kszo\u015bci pojazd\u00f3w jest to przew\u00f3d od ko\u0144c\u00f3wki ujemnej akumulatora).<\/li><li>Wykr\u0119ci\u0107 korki z akumulatora lub wyj\u0105\u0107 nak\u0142adk\u0119 z korkami.<\/li><li>Sprawdzi\u0107 poziom elektrolitu, w razie potrzeby uzupe\u0142ni\u0107.<\/li><li>Pod\u0142\u0105czy\u0107 akumulator do pr\u0105du sta\u0142ego \u0142\u0105cz\u0105c ko\u0144c\u00f3wk\u0119 biegunow\u0105 dodatni\u0105 akumulatora z dodatnim zaciskiem \u017ar\u00f3d\u0142a pr\u0105du i analogicznie ko\u0144c\u00f3wk\u0119 ujemn\u0105 z ujemnym zaciskiem \u017ar\u00f3d\u0142a pr\u0105du.<\/li><li>\u0141adowa\u0107 pr\u0105dem r\u00f3wnym 10% warto\u015bci pojemno\u015bci znamionowej( np.55Ah:10=5,5 \u2013 5,5A pr\u0105d \u0142adowania)<\/li><li>Akumulator nale\u017cy \u0142adowa\u0107 do momentu, a\u017c napi\u0119cie na ko\u0144c\u00f3wkach biegunowych akumulatora przy w\u0142\u0105czonym prostowniku jest na poziomie:<\/li><\/ol>\n\n\n\n<ul class=\"wp-block-list\"><li>dla akumulatora 12V:\u00a0 15,6V -16,8V<\/li><li>dla akumulatora 6V:\u00a0\u00a0\u00a0 7,8V &#8211; 8,4 V<\/li><\/ul>\n\n\n\n<p><a href=\"http:\/\/dinn.pl\/?page_id=112\">ABC Klienta<\/a> akumulatory Szczecin<\/p>\n\n\n\n<p><\/p>\n","protected":false},"excerpt":{"rendered":"<p>ABC Klienta akumulatory Szczecin Na tej podstronie prezentujemy pa\u0144stwu ABC eksploatacji dla klienta w dziedzinie &#8211; akumulatory. A) ABC MONTA\u017bU AKUMULATORA Wymiany akumulatora dokonujemy przy niepracuj\u0105cym silniku zgodnie z poni\u017cszymi punktami: Od\u0142\u0105czy\u0107 stary akumulator, jako pierwszy biegun ujemny, a nast\u0119pnie [&hellip;]<\/p>\n","protected":false},"author":1,"featured_media":0,"parent":0,"menu_order":0,"comment_status":"closed","ping_status":"closed","template":"","meta":{"footnotes":""},"class_list":["post-112","page","type-page","status-publish","hentry","clearfix"],"_links":{"self":[{"href":"http:\/\/dinn.pl\/index.php?rest_route=\/wp\/v2\/pages\/112","targetHints":{"allow":["GET"]}}],"collection":[{"href":"http:\/\/dinn.pl\/index.php?rest_route=\/wp\/v2\/pages"}],"about":[{"href":"http:\/\/dinn.pl\/index.php?rest_route=\/wp\/v2\/types\/page"}],"author":[{"embeddable":true,"href":"http:\/\/dinn.pl\/index.php?rest_route=\/wp\/v2\/users\/1"}],"replies":[{"embeddable":true,"href":"http:\/\/dinn.pl\/index.php?rest_route=%2Fwp%2Fv2%2Fcomments&post=112"}],"version-history":[{"count":11,"href":"http:\/\/dinn.pl\/index.php?rest_route=\/wp\/v2\/pages\/112\/revisions"}],"predecessor-version":[{"id":145,"href":"http:\/\/dinn.pl\/index.php?rest_route=\/wp\/v2\/pages\/112\/revisions\/145"}],"wp:attachment":[{"href":"http:\/\/dinn.pl\/index.php?rest_route=%2Fwp%2Fv2%2Fmedia&parent=112"}],"curies":[{"name":"wp","href":"https:\/\/api.w.org\/{rel}","templated":true}]}}